{"id":1386,"date":"2022-08-20T17:21:25","date_gmt":"2022-08-20T15:21:25","guid":{"rendered":"https:\/\/lawyers.ycomm.ch\/?page_id=1386"},"modified":"2024-12-03T15:19:39","modified_gmt":"2024-12-03T14:19:39","slug":"basel","status":"publish","type":"page","link":"https:\/\/lawyers.ycomm.ch\/en\/basel\/","title":{"rendered":"Basel"},"content":{"rendered":"<div data-elementor-type=\"wp-page\" data-elementor-id=\"1386\" class=\"elementor elementor-1386\" data-elementor-post-type=\"page\">\n\t\t\t\t\t\t<section class=\"elementor-section elementor-top-section elementor-element elementor-element-be23643 elementor-section-height-min-height elementor-section-full_width elementor-section-items-stretch elementor-section-height-default\" data-id=\"be23643\" data-element_type=\"section\" data-settings=\"{&quot;background_background&quot;:&quot;classic&quot;}\">\n\t\t\t\t\t\t<div class=\"elementor-container elementor-column-gap-default\">\n\t\t\t\t\t<div class=\"elementor-column elementor-col-100 elementor-top-column elementor-element elementor-element-00ef481\" data-id=\"00ef481\" data-element_type=\"column\">\n\t\t\t<div class=\"elementor-widget-wrap\">\n\t\t\t\t\t\t\t<\/div>\n\t\t<\/div>\n\t\t\t\t\t<\/div>\n\t\t<\/section>\n\t\t\t\t<section class=\"elementor-section elementor-top-section elementor-element elementor-element-1f596ec elementor-section-full_width elementor-section-height-default elementor-section-height-default\" data-id=\"1f596ec\" data-element_type=\"section\">\n\t\t\t\t\t\t<div class=\"elementor-container elementor-column-gap-default\">\n\t\t\t\t\t<div class=\"elementor-column elementor-col-50 elementor-top-column elementor-element elementor-element-bc4e87b\" data-id=\"bc4e87b\" data-element_type=\"column\" data-settings=\"{&quot;background_background&quot;:&quot;classic&quot;}\">\n\t\t\t<div class=\"elementor-widget-wrap elementor-element-populated\">\n\t\t\t\t\t\t<div class=\"elementor-element elementor-element-6c50c5c elementor-widget elementor-widget-heading\" data-id=\"6c50c5c\" data-element_type=\"widget\" data-widget_type=\"heading.default\">\n\t\t\t\t<div class=\"elementor-widget-container\">\n\t\t\t\t\t<h1 class=\"elementor-heading-title elementor-size-default\">LAW OFFICE BASEL-STADT<\/h1>\t\t\t\t<\/div>\n\t\t\t\t<\/div>\n\t\t\t\t<div class=\"elementor-element elementor-element-f749655 elementor-widget elementor-widget-text-editor\" data-id=\"f749655\" data-element_type=\"widget\" data-widget_type=\"text-editor.default\">\n\t\t\t\t<div class=\"elementor-widget-container\">\n\t\t\t\t\t\t\t\t\t<p>Our office is located in the heart of Basel's city centre directly at the Marktplatz (above Fielmann) and is easy to reach.<\/p>\t\t\t\t\t\t\t\t<\/div>\n\t\t\t\t<\/div>\n\t\t\t\t<div class=\"elementor-element elementor-element-69e7574 elementor-widget elementor-widget-heading\" data-id=\"69e7574\" data-element_type=\"widget\" data-widget_type=\"heading.default\">\n\t\t\t\t<div class=\"elementor-widget-container\">\n\t\t\t\t\t<h2 class=\"elementor-heading-title elementor-size-default\">Contact<\/h2>\t\t\t\t<\/div>\n\t\t\t\t<\/div>\n\t\t\t\t<div class=\"elementor-element elementor-element-b89db70 elementor-widget elementor-widget-text-editor\" data-id=\"b89db70\" data-element_type=\"widget\" data-widget_type=\"text-editor.default\">\n\t\t\t\t<div class=\"elementor-widget-container\">\n\t\t\t\t\t\t\t\t\t<p>WALDMANN PETITPIERRE<br \/>Lawyers &amp; Notaries<br \/>Gerbergasse 1 (Marktplatz)<br \/>CH-4001 Basel<\/p><p>Telefon +41 61 269 50 85<br \/>Fax +41 61 269 50 50<\/p><p><a href=\"mailto:info@lawyers.ycomm.ch\">info@lawyers.ycomm.ch<\/a><\/p><p>\u00a0<\/p><p>Business hours:<\/p><p>Monday - Thursday 08.00-12.00 \/ 13.15-17.30<br \/>Friday 08.00-12.00 \/ 13.15-17.15<\/p>\t\t\t\t\t\t\t\t<\/div>\n\t\t\t\t<\/div>\n\t\t\t\t<div class=\"elementor-element elementor-element-2685235 elementor-widget elementor-widget-heading\" data-id=\"2685235\" data-element_type=\"widget\" data-widget_type=\"heading.default\">\n\t\t\t\t<div class=\"elementor-widget-container\">\n\t\t\t\t\t<h2 class=\"elementor-heading-title elementor-size-default\">HOW TO FIND US<\/h2>\t\t\t\t<\/div>\n\t\t\t\t<\/div>\n\t\t\t\t<div class=\"elementor-element elementor-element-554b6c7 elementor-widget elementor-widget-text-editor\" data-id=\"554b6c7\" data-element_type=\"widget\" data-widget_type=\"text-editor.default\">\n\t\t\t\t<div class=\"elementor-widget-container\">\n\t\t\t\t\t\t\t\t\t<p><strong style=\"color: var( --e-global-color-accent ); font-family: var( --e-global-typography-text-font-family ), Sans-serif; font-size: var( --e-global-typography-text-font-size ); background-color: var( --e-global-color-6f3153a );\">Public transport:<\/strong><\/p><p>With tram lines 6, 8, 11, 14, 15 and 16 to Marktplatz station. With bus lines 31, 33, 34, 36 and 38 to Schiffl\u00e4nde station.<\/p><p><strong>By car:<br \/><\/strong>Within walking distance of our office is the Parking\u00a0<a href=\"http:\/\/www.parkhaeuser.bs.ch\/storchen.html\" target=\"_blank\" rel=\"noopener\">Parkhaus Storchen<\/a>.<\/p><p>The Kunstmuseum Parking is approximately 10-minute walk from our offices. <a href=\"https:\/\/parking-kunstmuseum.ch\/\">Parking Kunstmuseum<\/a> is at liberty to be used<\/p><p>Alternatively, the Parking City is about a 12-minute walk from our offices. <a href=\"http:\/\/www.parkhaeuser.bs.ch\/city.html\" target=\"_blank\" rel=\"noopener\">Parkhaus City<\/a> is at liberty to be used<\/p>\t\t\t\t\t\t\t\t<\/div>\n\t\t\t\t<\/div>\n\t\t\t\t\t<\/div>\n\t\t<\/div>\n\t\t\t\t<div class=\"elementor-column elementor-col-50 elementor-top-column elementor-element elementor-element-30071f2\" data-id=\"30071f2\" data-element_type=\"column\">\n\t\t\t<div class=\"elementor-widget-wrap elementor-element-populated\">\n\t\t\t\t\t\t<div class=\"elementor-element elementor-element-7aed915 elementor-widget elementor-widget-google_maps\" data-id=\"7aed915\" data-element_type=\"widget\" data-settings=\"{&quot;motion_fx_motion_fx_scrolling&quot;:&quot;yes&quot;,&quot;sticky&quot;:&quot;top&quot;,&quot;sticky_offset&quot;:450,&quot;sticky_parent&quot;:&quot;yes&quot;,&quot;motion_fx_devices&quot;:[&quot;desktop&quot;,&quot;tablet&quot;,&quot;mobile&quot;],&quot;sticky_on&quot;:[&quot;desktop&quot;,&quot;tablet&quot;,&quot;mobile&quot;],&quot;sticky_effects_offset&quot;:0,&quot;sticky_anchor_link_offset&quot;:0}\" data-widget_type=\"google_maps.default\">\n\t\t\t\t<div class=\"elementor-widget-container\">\n\t\t\t\t\t\t\t<div class=\"elementor-custom-embed\">\n\t\t\t<iframe loading=\"lazy\"\n\t\t\t\t\tsrc=\"https:\/\/maps.google.com\/maps?q=Gerbergasse%201%2C%20basel&#038;t=m&#038;z=17&#038;output=embed&#038;iwloc=near\"\n\t\t\t\t\ttitle=\"Gerbergasse 1, basel\"\n\t\t\t\t\taria-label=\"Gerbergasse 1, basel\"\n\t\t\t><\/iframe>\n\t\t<\/div>\n\t\t\t\t\t\t<\/div>\n\t\t\t\t<\/div>\n\t\t\t\t\t<\/div>\n\t\t<\/div>\n\t\t\t\t\t<\/div>\n\t\t<\/section>\n\t\t\t\t<\/div>","protected":false},"excerpt":{"rendered":"<p>KANZLEI BASEL-STADT Unsere Kanzlei befindet sich im Herzen der Basler Innenstadt direkt beim Marktplatz (oberhalb Fielmann) und ist einfach zu erreichen. KONTAKT WALDMANN PETITPIERRERechtsanw\u00e4lte &amp; NotareGerbergasse 1 (Marktplatz)CH-4001 Basel Telefon +41 61 269 50 85Telefax +41 61 269 50 50 info@lawyers.ycomm.ch \u00a0 \u00d6fffnungszeiten: Mo-Do 08.00-12.00 \/ 13.15-17.30Fr 08.00-12.00 \/ 13.15-17.15 ANFAHRT \u00d6ffentlicher Verkehr: Mit den [&hellip;]<\/p>","protected":false},"author":1,"featured_media":651,"parent":0,"menu_order":0,"comment_status":"closed","ping_status":"closed","template":"","meta":{"_acf_changed":false,"_seopress_robots_primary_cat":"","_seopress_titles_title":"Rechtsanwaltskanzlei in Basel-Stadt - Waldmann Petitpierre","_seopress_titles_desc":"Rechtsberatung in Basel: Kompetente Anw\u00e4lte f\u00fcr Familienrecht, Gesellschaftsrecht, Vertragsrecht und mehr. Pers\u00f6nliche Betreuung direkt in Ihrer N\u00e4he.","_seopress_robots_index":"","inline_featured_image":false,"footnotes":""},"class_list":["post-1386","page","type-page","status-publish","has-post-thumbnail","hentry"],"acf":[],"_links":{"self":[{"href":"https:\/\/lawyers.ycomm.ch\/en\/wp-json\/wp\/v2\/pages\/1386","targetHints":{"allow":["GET"]}}],"collection":[{"href":"https:\/\/lawyers.ycomm.ch\/en\/wp-json\/wp\/v2\/pages"}],"about":[{"href":"https:\/\/lawyers.ycomm.ch\/en\/wp-json\/wp\/v2\/types\/page"}],"author":[{"embeddable":true,"href":"https:\/\/lawyers.ycomm.ch\/en\/wp-json\/wp\/v2\/users\/1"}],"replies":[{"embeddable":true,"href":"https:\/\/lawyers.ycomm.ch\/en\/wp-json\/wp\/v2\/comments?post=1386"}],"version-history":[{"count":20,"href":"https:\/\/lawyers.ycomm.ch\/en\/wp-json\/wp\/v2\/pages\/1386\/revisions"}],"predecessor-version":[{"id":3132,"href":"https:\/\/lawyers.ycomm.ch\/en\/wp-json\/wp\/v2\/pages\/1386\/revisions\/3132"}],"wp:featuredmedia":[{"embeddable":true,"href":"https:\/\/lawyers.ycomm.ch\/en\/wp-json\/wp\/v2\/media\/651"}],"wp:attachment":[{"href":"https:\/\/lawyers.ycomm.ch\/en\/wp-json\/wp\/v2\/media?parent=1386"}],"curies":[{"name":"wp","href":"https:\/\/api.w.org\/{rel}","templated":true}]}}