{"id":1389,"date":"2022-08-20T17:21:42","date_gmt":"2022-08-20T15:21:42","guid":{"rendered":"https:\/\/lawyers.ycomm.ch\/?page_id=1389"},"modified":"2024-12-03T15:20:20","modified_gmt":"2024-12-03T14:20:20","slug":"pratteln","status":"publish","type":"page","link":"https:\/\/lawyers.ycomm.ch\/en\/pratteln\/","title":{"rendered":"Pratteln"},"content":{"rendered":"<div data-elementor-type=\"wp-page\" data-elementor-id=\"1389\" class=\"elementor elementor-1389\" data-elementor-post-type=\"page\">\n\t\t\t\t\t\t<section class=\"elementor-section elementor-top-section elementor-element elementor-element-d217031 elementor-section-height-min-height elementor-section-full_width elementor-section-items-stretch elementor-section-height-default\" data-id=\"d217031\" data-element_type=\"section\" data-settings=\"{&quot;background_background&quot;:&quot;classic&quot;}\">\n\t\t\t\t\t\t<div class=\"elementor-container elementor-column-gap-default\">\n\t\t\t\t\t<div class=\"elementor-column elementor-col-100 elementor-top-column elementor-element elementor-element-d81529b\" data-id=\"d81529b\" data-element_type=\"column\">\n\t\t\t<div class=\"elementor-widget-wrap\">\n\t\t\t\t\t\t\t<\/div>\n\t\t<\/div>\n\t\t\t\t\t<\/div>\n\t\t<\/section>\n\t\t\t\t<section class=\"elementor-section elementor-top-section elementor-element elementor-element-0e9cf52 elementor-section-full_width elementor-section-height-default elementor-section-height-default\" data-id=\"0e9cf52\" data-element_type=\"section\">\n\t\t\t\t\t\t<div class=\"elementor-container elementor-column-gap-default\">\n\t\t\t\t\t<div class=\"elementor-column elementor-col-50 elementor-top-column elementor-element elementor-element-08de1e8\" data-id=\"08de1e8\" data-element_type=\"column\" data-settings=\"{&quot;background_background&quot;:&quot;classic&quot;}\">\n\t\t\t<div class=\"elementor-widget-wrap elementor-element-populated\">\n\t\t\t\t\t\t<div class=\"elementor-element elementor-element-c134d78 elementor-widget elementor-widget-heading\" data-id=\"c134d78\" data-element_type=\"widget\" data-widget_type=\"heading.default\">\n\t\t\t\t<div class=\"elementor-widget-container\">\n\t\t\t\t\t<h1 class=\"elementor-heading-title elementor-size-default\">LAW OFFICE BASELLAND<\/h1>\t\t\t\t<\/div>\n\t\t\t\t<\/div>\n\t\t\t\t<div class=\"elementor-element elementor-element-06c91d9 elementor-widget elementor-widget-text-editor\" data-id=\"06c91d9\" data-element_type=\"widget\" data-widget_type=\"text-editor.default\">\n\t\t\t\t<div class=\"elementor-widget-container\">\n\t\t\t\t\t\t\t\t\t<p>We are also happy to welcome you in our office in Pratteln.\u00a0<\/p>\t\t\t\t\t\t\t\t<\/div>\n\t\t\t\t<\/div>\n\t\t\t\t<div class=\"elementor-element elementor-element-bf0b3ef elementor-widget elementor-widget-heading\" data-id=\"bf0b3ef\" data-element_type=\"widget\" data-widget_type=\"heading.default\">\n\t\t\t\t<div class=\"elementor-widget-container\">\n\t\t\t\t\t<h2 class=\"elementor-heading-title elementor-size-default\">Contact<\/h2>\t\t\t\t<\/div>\n\t\t\t\t<\/div>\n\t\t\t\t<div class=\"elementor-element elementor-element-0ad0176 elementor-widget elementor-widget-text-editor\" data-id=\"0ad0176\" data-element_type=\"widget\" data-widget_type=\"text-editor.default\">\n\t\t\t\t<div class=\"elementor-widget-container\">\n\t\t\t\t\t\t\t\t\t<p>WALDMANN PETITPIERRE<br \/>Lawyers &amp; Notaries<br \/>Bahnhofplatz 1<br \/>CH-4133 Pratteln<\/p><p>Phone +41 61 269 50 60<br \/>Fax +41 61 269 50 50<\/p><p><a href=\"mailto:info@lawyers.ycomm.ch\">info@lawyers.ycomm.ch<\/a><\/p><p>Appointments by arrangement<\/p>\t\t\t\t\t\t\t\t<\/div>\n\t\t\t\t<\/div>\n\t\t\t\t<div class=\"elementor-element elementor-element-8bfa507 elementor-widget elementor-widget-heading\" data-id=\"8bfa507\" data-element_type=\"widget\" data-widget_type=\"heading.default\">\n\t\t\t\t<div class=\"elementor-widget-container\">\n\t\t\t\t\t<h2 class=\"elementor-heading-title elementor-size-default\">HOW TO FIND US<\/h2>\t\t\t\t<\/div>\n\t\t\t\t<\/div>\n\t\t\t\t<div class=\"elementor-element elementor-element-02a3ad0 elementor-widget elementor-widget-text-editor\" data-id=\"02a3ad0\" data-element_type=\"widget\" data-widget_type=\"text-editor.default\">\n\t\t\t\t<div class=\"elementor-widget-container\">\n\t\t\t\t\t\t\t\t\t<p><strong>Public transport:<br><\/strong>By tram line 14 to station \u201eBahnhofstrasse\u201c. Our offices are a 2-minute walk from the station.<\/p>\n<p>By train to Pratteln. Our offices are next to the train station in the Aquila tower.<\/p>\n<p><strong>By car:<br><\/strong>The Aquila tower has underground parking and many blue-zone and paid parking lots around the building.&nbsp;<\/p><p>The entrance to the underground parking is located at Salinenstrasse (\u00abParking Albanhof\/Aquila Tower\u00bb). Parking is free of charge during the first hour.&nbsp;<br><\/p>\t\t\t\t\t\t\t\t<\/div>\n\t\t\t\t<\/div>\n\t\t\t\t\t<\/div>\n\t\t<\/div>\n\t\t\t\t<div class=\"elementor-column elementor-col-50 elementor-top-column elementor-element elementor-element-811f301\" data-id=\"811f301\" data-element_type=\"column\">\n\t\t\t<div class=\"elementor-widget-wrap elementor-element-populated\">\n\t\t\t\t\t\t<div class=\"elementor-element elementor-element-760063e elementor-widget elementor-widget-google_maps\" data-id=\"760063e\" data-element_type=\"widget\" data-settings=\"{&quot;motion_fx_motion_fx_scrolling&quot;:&quot;yes&quot;,&quot;sticky&quot;:&quot;top&quot;,&quot;sticky_offset&quot;:450,&quot;sticky_parent&quot;:&quot;yes&quot;,&quot;motion_fx_devices&quot;:[&quot;desktop&quot;,&quot;tablet&quot;,&quot;mobile&quot;],&quot;sticky_on&quot;:[&quot;desktop&quot;,&quot;tablet&quot;,&quot;mobile&quot;],&quot;sticky_effects_offset&quot;:0,&quot;sticky_anchor_link_offset&quot;:0}\" data-widget_type=\"google_maps.default\">\n\t\t\t\t<div class=\"elementor-widget-container\">\n\t\t\t\t\t\t\t<div class=\"elementor-custom-embed\">\n\t\t\t<iframe loading=\"lazy\"\n\t\t\t\t\tsrc=\"https:\/\/maps.google.com\/maps?q=Bahnhofplatz%201%2C%204133%20Pratteln&#038;t=m&#038;z=17&#038;output=embed&#038;iwloc=near\"\n\t\t\t\t\ttitle=\"Bahnhofplatz 1, 4133 Pratteln\"\n\t\t\t\t\taria-label=\"Bahnhofplatz 1, 4133 Pratteln\"\n\t\t\t><\/iframe>\n\t\t<\/div>\n\t\t\t\t\t\t<\/div>\n\t\t\t\t<\/div>\n\t\t\t\t\t<\/div>\n\t\t<\/div>\n\t\t\t\t\t<\/div>\n\t\t<\/section>\n\t\t\t\t<\/div>","protected":false},"excerpt":{"rendered":"<p>KANZLEI BASELLAND Sehr gerne empfangen wir Sie auch in unserer Kanzlei in Pratteln.\u00a0 KONTAKT WALDMANN PETITPIERRERechtsanw\u00e4lte &amp; NotareBahnhofplatz 1CH-4133 Pratteln Telefon +41 61 269 50 60Telefax +41 61 269 50 50 info@lawyers.ycomm.ch Termine nach Vereinbarung ANFAHRT \u00d6ffentlicher Verkehr:Mit der Tramlinie 14 bis Station &#8222;Bahnhofstrasse&#8220;. Unsere Kanzlei befindet sich in zwei Minuten Gehdistanz. Mit dem Zug [&hellip;]<\/p>","protected":false},"author":1,"featured_media":651,"parent":0,"menu_order":0,"comment_status":"closed","ping_status":"closed","template":"","meta":{"_acf_changed":false,"_seopress_robots_primary_cat":"","_seopress_titles_title":"Rechtsanwaltskanzlei in Pratteln - Waldmann Petitpierre","_seopress_titles_desc":"Rechtsberatung in Baselland: Kompetente Anw\u00e4lte f\u00fcr Familienrecht, Gesellschaftsrecht, Vertragsrecht und mehr. Pers\u00f6nliche Betreuung direkt in Ihrer N\u00e4he.","_seopress_robots_index":"","inline_featured_image":false,"footnotes":""},"class_list":["post-1389","page","type-page","status-publish","has-post-thumbnail","hentry"],"acf":[],"_links":{"self":[{"href":"https:\/\/lawyers.ycomm.ch\/en\/wp-json\/wp\/v2\/pages\/1389","targetHints":{"allow":["GET"]}}],"collection":[{"href":"https:\/\/lawyers.ycomm.ch\/en\/wp-json\/wp\/v2\/pages"}],"about":[{"href":"https:\/\/lawyers.ycomm.ch\/en\/wp-json\/wp\/v2\/types\/page"}],"author":[{"embeddable":true,"href":"https:\/\/lawyers.ycomm.ch\/en\/wp-json\/wp\/v2\/users\/1"}],"replies":[{"embeddable":true,"href":"https:\/\/lawyers.ycomm.ch\/en\/wp-json\/wp\/v2\/comments?post=1389"}],"version-history":[{"count":23,"href":"https:\/\/lawyers.ycomm.ch\/en\/wp-json\/wp\/v2\/pages\/1389\/revisions"}],"predecessor-version":[{"id":3133,"href":"https:\/\/lawyers.ycomm.ch\/en\/wp-json\/wp\/v2\/pages\/1389\/revisions\/3133"}],"wp:featuredmedia":[{"embeddable":true,"href":"https:\/\/lawyers.ycomm.ch\/en\/wp-json\/wp\/v2\/media\/651"}],"wp:attachment":[{"href":"https:\/\/lawyers.ycomm.ch\/en\/wp-json\/wp\/v2\/media?parent=1389"}],"curies":[{"name":"wp","href":"https:\/\/api.w.org\/{rel}","templated":true}]}}