{"id":1392,"date":"2022-08-20T17:22:09","date_gmt":"2022-08-20T15:22:09","guid":{"rendered":"https:\/\/lawyers.ycomm.ch\/?page_id=1392"},"modified":"2024-12-03T15:46:32","modified_gmt":"2024-12-03T14:46:32","slug":"legaldesk","status":"publish","type":"page","link":"https:\/\/lawyers.ycomm.ch\/en\/legaldesk\/","title":{"rendered":"Legaldesk"},"content":{"rendered":"<div data-elementor-type=\"wp-page\" data-elementor-id=\"1392\" class=\"elementor elementor-1392\" data-elementor-post-type=\"page\">\n\t\t\t\t\t\t<section class=\"elementor-section elementor-top-section elementor-element elementor-element-f0d635f elementor-section-height-min-height elementor-section-full_width elementor-section-items-stretch elementor-section-height-default\" data-id=\"f0d635f\" data-element_type=\"section\" data-settings=\"{&quot;background_background&quot;:&quot;classic&quot;}\">\n\t\t\t\t\t\t<div class=\"elementor-container elementor-column-gap-default\">\n\t\t\t\t\t<div class=\"elementor-column elementor-col-100 elementor-top-column elementor-element elementor-element-f6f2696\" data-id=\"f6f2696\" data-element_type=\"column\">\n\t\t\t<div class=\"elementor-widget-wrap\">\n\t\t\t\t\t\t\t<\/div>\n\t\t<\/div>\n\t\t\t\t\t<\/div>\n\t\t<\/section>\n\t\t\t\t<section class=\"elementor-section elementor-top-section elementor-element elementor-element-5e143b2 elementor-section-full_width elementor-section-height-default elementor-section-height-default\" data-id=\"5e143b2\" data-element_type=\"section\">\n\t\t\t\t\t\t<div class=\"elementor-container elementor-column-gap-default\">\n\t\t\t\t\t<div class=\"elementor-column elementor-col-50 elementor-top-column elementor-element elementor-element-5173fc6\" data-id=\"5173fc6\" data-element_type=\"column\" data-settings=\"{&quot;background_background&quot;:&quot;classic&quot;}\">\n\t\t\t<div class=\"elementor-widget-wrap elementor-element-populated\">\n\t\t\t\t\t\t<div class=\"elementor-element elementor-element-1d84442 elementor-widget elementor-widget-heading\" data-id=\"1d84442\" data-element_type=\"widget\" data-widget_type=\"heading.default\">\n\t\t\t\t<div class=\"elementor-widget-container\">\n\t\t\t\t\t<h1 class=\"elementor-heading-title elementor-size-default\">LEGALDESK<\/h1>\t\t\t\t<\/div>\n\t\t\t\t<\/div>\n\t\t\t\t<div class=\"elementor-element elementor-element-907c91b elementor-widget elementor-widget-text-editor\" data-id=\"907c91b\" data-element_type=\"widget\" data-widget_type=\"text-editor.default\">\n\t\t\t\t<div class=\"elementor-widget-container\">\n\t\t\t\t\t\t\t\t\t<p>With the creation of a nationwide and comprehensive network of law firms, primarily national synergies are to be strengthened and optimally used. Due to the existing, specialised and broadly differentiated professional and technical knowledge as well as high flexibility, LegalDesk.ch partners offer an attractive alternative to the large law firms in Switzerland.<\/p>\t\t\t\t\t\t\t\t<\/div>\n\t\t\t\t<\/div>\n\t\t\t\t\t<\/div>\n\t\t<\/div>\n\t\t\t\t<div class=\"elementor-column elementor-col-50 elementor-top-column elementor-element elementor-element-07b2752\" data-id=\"07b2752\" data-element_type=\"column\">\n\t\t\t<div class=\"elementor-widget-wrap elementor-element-populated\">\n\t\t\t\t\t\t<div class=\"elementor-element elementor-element-07b85f6 elementor-widget elementor-widget-text-editor\" data-id=\"07b85f6\" data-element_type=\"widget\" data-widget_type=\"text-editor.default\">\n\t\t\t\t<div class=\"elementor-widget-container\">\n\t\t\t\t\t\t\t\t\t<p>The local identity is always preserved, while the international collaboration platform <a href=\"https:\/\/www.lawexchange.org\/members-firm\/waldmann-petitpierre\/switzerland-\/europe\">LawExchange International (LEI)<\/a> is simultaneously strengthened, and joint and complementary areas of business are continuously developed. As a competent representative of clients' interests, members of <a href=\"https:\/\/legaldesk.ch\/partner\/waldmann-petitpierre\/\">LegalDesk.ch<\/a> are highly reliable and efficient partners, accompanying potential (inter)national clients side by side through national legal issues.<\/p><p><a href=\"http:\/\/www.legaldesk.ch\/\" target=\"_blank\" rel=\"noopener\">www.legaldesk.ch<\/a><\/p>\t\t\t\t\t\t\t\t<\/div>\n\t\t\t\t<\/div>\n\t\t\t\t\t<\/div>\n\t\t<\/div>\n\t\t\t\t\t<\/div>\n\t\t<\/section>\n\t\t\t\t<\/div>","protected":false},"excerpt":{"rendered":"<p>LEGALDESK Mit der Schaffung eines schweizweiten und fl\u00e4chendeckenden Kanzleinetzwerkes sollen prim\u00e4r nationale Synergien gest\u00e4rkt und optimal genutzt werden. Durch das vorhandene, spezialisierte und breit differenzierte Fach- und Sachwissen sowie hohe Flexibilit\u00e4t bieten LegalDesk.ch Partner eine attraktive Alternative zu den Grosskanzleien in der Schweiz. Die lokale Identit\u00e4t wird dabei immer erhalten, die internationale Zusammenarbeitsplattform LawExchange International [&hellip;]<\/p>","protected":false},"author":1,"featured_media":651,"parent":0,"menu_order":0,"comment_status":"closed","ping_status":"closed","template":"","meta":{"_acf_changed":false,"_seopress_robots_primary_cat":"","_seopress_titles_title":"LegalDesk \u2013 Ihr digitales Tool f\u00fcr Rechtsberatung","_seopress_titles_desc":"Mit LegalDesk erledigen Sie rechtliche Angelegenheiten online: Vertr\u00e4ge erstellen, Dokumente pr\u00fcfen und Beratung erhalten \u2013 bequem und effizient.","_seopress_robots_index":"","inline_featured_image":false,"footnotes":""},"class_list":["post-1392","page","type-page","status-publish","has-post-thumbnail","hentry"],"acf":[],"_links":{"self":[{"href":"https:\/\/lawyers.ycomm.ch\/en\/wp-json\/wp\/v2\/pages\/1392","targetHints":{"allow":["GET"]}}],"collection":[{"href":"https:\/\/lawyers.ycomm.ch\/en\/wp-json\/wp\/v2\/pages"}],"about":[{"href":"https:\/\/lawyers.ycomm.ch\/en\/wp-json\/wp\/v2\/types\/page"}],"author":[{"embeddable":true,"href":"https:\/\/lawyers.ycomm.ch\/en\/wp-json\/wp\/v2\/users\/1"}],"replies":[{"embeddable":true,"href":"https:\/\/lawyers.ycomm.ch\/en\/wp-json\/wp\/v2\/comments?post=1392"}],"version-history":[{"count":17,"href":"https:\/\/lawyers.ycomm.ch\/en\/wp-json\/wp\/v2\/pages\/1392\/revisions"}],"predecessor-version":[{"id":3141,"href":"https:\/\/lawyers.ycomm.ch\/en\/wp-json\/wp\/v2\/pages\/1392\/revisions\/3141"}],"wp:featuredmedia":[{"embeddable":true,"href":"https:\/\/lawyers.ycomm.ch\/en\/wp-json\/wp\/v2\/media\/651"}],"wp:attachment":[{"href":"https:\/\/lawyers.ycomm.ch\/en\/wp-json\/wp\/v2\/media?parent=1392"}],"curies":[{"name":"wp","href":"https:\/\/api.w.org\/{rel}","templated":true}]}}