{"id":1395,"date":"2022-08-20T17:22:59","date_gmt":"2022-08-20T15:22:59","guid":{"rendered":"https:\/\/lawyers.ycomm.ch\/?page_id=1395"},"modified":"2024-12-03T15:22:10","modified_gmt":"2024-12-03T14:22:10","slug":"international","status":"publish","type":"page","link":"https:\/\/lawyers.ycomm.ch\/en\/international\/","title":{"rendered":"International"},"content":{"rendered":"<div data-elementor-type=\"wp-page\" data-elementor-id=\"1395\" class=\"elementor elementor-1395\" data-elementor-post-type=\"page\">\n\t\t\t\t\t\t<section class=\"elementor-section elementor-top-section elementor-element elementor-element-7457e9e elementor-section-height-min-height elementor-section-full_width elementor-section-items-stretch elementor-section-height-default\" data-id=\"7457e9e\" data-element_type=\"section\" data-settings=\"{&quot;background_background&quot;:&quot;classic&quot;}\">\n\t\t\t\t\t\t<div class=\"elementor-container elementor-column-gap-default\">\n\t\t\t\t\t<div class=\"elementor-column elementor-col-100 elementor-top-column elementor-element elementor-element-99bfee2\" data-id=\"99bfee2\" data-element_type=\"column\">\n\t\t\t<div class=\"elementor-widget-wrap\">\n\t\t\t\t\t\t\t<\/div>\n\t\t<\/div>\n\t\t\t\t\t<\/div>\n\t\t<\/section>\n\t\t\t\t<section class=\"elementor-section elementor-top-section elementor-element elementor-element-dde3d33 elementor-section-full_width elementor-section-height-default elementor-section-height-default\" data-id=\"dde3d33\" data-element_type=\"section\">\n\t\t\t\t\t\t<div class=\"elementor-container elementor-column-gap-default\">\n\t\t\t\t\t<div class=\"elementor-column elementor-col-50 elementor-top-column elementor-element elementor-element-ccbd959\" data-id=\"ccbd959\" data-element_type=\"column\" data-settings=\"{&quot;background_background&quot;:&quot;classic&quot;}\">\n\t\t\t<div class=\"elementor-widget-wrap elementor-element-populated\">\n\t\t\t\t\t\t<div class=\"elementor-element elementor-element-5ceb689 elementor-widget elementor-widget-heading\" data-id=\"5ceb689\" data-element_type=\"widget\" data-widget_type=\"heading.default\">\n\t\t\t\t<div class=\"elementor-widget-container\">\n\t\t\t\t\t<h1 class=\"elementor-heading-title elementor-size-default\">WALDMANN PETITPIERRE - CONNECTED IN 30 COUNTRIES ON 5 CONTINENTS<\/h1>\t\t\t\t<\/div>\n\t\t\t\t<\/div>\n\t\t\t\t<div class=\"elementor-element elementor-element-60fa49e elementor-widget elementor-widget-text-editor\" data-id=\"60fa49e\" data-element_type=\"widget\" data-widget_type=\"text-editor.default\">\n\t\t\t\t<div class=\"elementor-widget-container\">\n\t\t\t\t\t\t\t\t\t<p><strong>Law Exchange International (LEI)<\/strong><\/p><p>LEI is an association of independent law firms advising clients in the world's leading commercial markets in Europe, North and South America, Asia\/Pacific, and the Middle East. Law Exchange International enables us to provide our clients with a comprehensive network of legal services thanks to our contacts with trusted local attorneys and law firms around the world.<\/p><p>Since 1994, LEI has grown into a network spanning across 30 countries on 5 continents with 36 independent member law firms. LEI member law firms have the local knowledge required to overcome the challenges of doing business in a global marketplace by providing clients with assistance in navigating local laws, business and business conditions, and politics.<\/p>\t\t\t\t\t\t\t\t<\/div>\n\t\t\t\t<\/div>\n\t\t\t\t\t<\/div>\n\t\t<\/div>\n\t\t\t\t<div class=\"elementor-column elementor-col-50 elementor-top-column elementor-element elementor-element-1b70345\" data-id=\"1b70345\" data-element_type=\"column\">\n\t\t\t<div class=\"elementor-widget-wrap elementor-element-populated\">\n\t\t\t\t\t\t<div class=\"elementor-element elementor-element-319a950 elementor-widget elementor-widget-text-editor\" data-id=\"319a950\" data-element_type=\"widget\" data-widget_type=\"text-editor.default\">\n\t\t\t\t<div class=\"elementor-widget-container\">\n\t\t\t\t\t\t\t\t\t<p>We grant our clients immediate access to local legal advisors in the countries in which they do business.<\/p><p>As a member firm of LawExchange International (LEI) we can support you even better and more efficient in the following areas:<\/p><ul><li>Mergers &amp; Acquisitions<\/li><li>Real Estate<\/li><li>corporate law<\/li><li>Licensing and factoring agreements<\/li><li>Family Law<\/li><li>inheritance law<\/li><li>Trusts<\/li><li>Estate and succession planning<\/li><li>Intellectual property<\/li><li>Transport<\/li><\/ul><p>WALDMANN PETITPIERRE has been established in the heart of Basel since 1953. As a member of this new network, WALDMANN PETITPIERRE can provide assistance to its clients in all international legal issues.<\/p>\t\t\t\t\t\t\t\t<\/div>\n\t\t\t\t<\/div>\n\t\t\t\t<div class=\"elementor-element elementor-element-96cfb04 elementor-widget elementor-widget-image\" data-id=\"96cfb04\" data-element_type=\"widget\" data-widget_type=\"image.default\">\n\t\t\t\t<div class=\"elementor-widget-container\">\n\t\t\t\t\t\t\t\t\t\t\t\t\t\t\t<img fetchpriority=\"high\" decoding=\"async\" width=\"300\" height=\"225\" src=\"https:\/\/lawyers.ycomm.ch\/wp-content\/uploads\/2022\/08\/LEI_Logo_farbig_2-300x225.jpg\" class=\"attachment-medium size-medium wp-image-1441\" alt=\"\" srcset=\"https:\/\/lawyers.ycomm.ch\/wp-content\/uploads\/2022\/08\/LEI_Logo_farbig_2-300x225.jpg 300w, https:\/\/lawyers.ycomm.ch\/wp-content\/uploads\/2022\/08\/LEI_Logo_farbig_2-1024x768.jpg 1024w, https:\/\/lawyers.ycomm.ch\/wp-content\/uploads\/2022\/08\/LEI_Logo_farbig_2-768x576.jpg 768w, https:\/\/lawyers.ycomm.ch\/wp-content\/uploads\/2022\/08\/LEI_Logo_farbig_2.jpg 1200w\" sizes=\"(max-width: 300px) 100vw, 300px\" \/>\t\t\t\t\t\t\t\t\t\t\t\t\t\t\t<\/div>\n\t\t\t\t<\/div>\n\t\t\t\t\t<\/div>\n\t\t<\/div>\n\t\t\t\t\t<\/div>\n\t\t<\/section>\n\t\t\t\t<\/div>","protected":false},"excerpt":{"rendered":"<p>WALDMANN PETITPIERRE &#8211; VERNETZT AUF 5 KONTINENTEN, IN 30 L\u00c4NDERN Law Exchange International (LEI) LEI ist ein Zusammenschluss unabh\u00e4ngiger Anwaltskanzleien, die Mandanten und Mandantinnen in den wichtigsten Handelsm\u00e4rkten der Welt in Europa, Nord- und S\u00fcdamerika, Asien\/Pazifik und dem Nahen Osten betreuen. Dank Law Exchange International bieten wir unseren Mandantinnen und Mandanten ein umfassendes Netz von [&hellip;]<\/p>","protected":false},"author":1,"featured_media":651,"parent":0,"menu_order":0,"comment_status":"closed","ping_status":"closed","template":"","meta":{"_acf_changed":false,"_seopress_robots_primary_cat":"","_seopress_titles_title":"Internationale Rechtsberatung \u2013 Global vernetzt, lokal pr\u00e4sent","_seopress_titles_desc":"Wir bieten internationale Rechtsberatung: Unterst\u00fctzung bei grenz\u00fcberschreitenden Vertr\u00e4gen, Handelsrecht und internationalen Streitigkeiten. Weltweit f\u00fcr Sie da.","_seopress_robots_index":"","inline_featured_image":false,"footnotes":""},"class_list":["post-1395","page","type-page","status-publish","has-post-thumbnail","hentry"],"acf":[],"_links":{"self":[{"href":"https:\/\/lawyers.ycomm.ch\/en\/wp-json\/wp\/v2\/pages\/1395","targetHints":{"allow":["GET"]}}],"collection":[{"href":"https:\/\/lawyers.ycomm.ch\/en\/wp-json\/wp\/v2\/pages"}],"about":[{"href":"https:\/\/lawyers.ycomm.ch\/en\/wp-json\/wp\/v2\/types\/page"}],"author":[{"embeddable":true,"href":"https:\/\/lawyers.ycomm.ch\/en\/wp-json\/wp\/v2\/users\/1"}],"replies":[{"embeddable":true,"href":"https:\/\/lawyers.ycomm.ch\/en\/wp-json\/wp\/v2\/comments?post=1395"}],"version-history":[{"count":17,"href":"https:\/\/lawyers.ycomm.ch\/en\/wp-json\/wp\/v2\/pages\/1395\/revisions"}],"predecessor-version":[{"id":3135,"href":"https:\/\/lawyers.ycomm.ch\/en\/wp-json\/wp\/v2\/pages\/1395\/revisions\/3135"}],"wp:featuredmedia":[{"embeddable":true,"href":"https:\/\/lawyers.ycomm.ch\/en\/wp-json\/wp\/v2\/media\/651"}],"wp:attachment":[{"href":"https:\/\/lawyers.ycomm.ch\/en\/wp-json\/wp\/v2\/media?parent=1395"}],"curies":[{"name":"wp","href":"https:\/\/api.w.org\/{rel}","templated":true}]}}