{"id":1481,"date":"2022-08-21T12:52:26","date_gmt":"2022-08-21T10:52:26","guid":{"rendered":"https:\/\/lawyers.ycomm.ch\/?page_id=1481"},"modified":"2023-01-25T14:30:06","modified_gmt":"2023-01-25T13:30:06","slug":"kosten","status":"publish","type":"page","link":"https:\/\/lawyers.ycomm.ch\/en\/kosten\/","title":{"rendered":"Prices"},"content":{"rendered":"<div data-elementor-type=\"wp-page\" data-elementor-id=\"1481\" class=\"elementor elementor-1481\" data-elementor-post-type=\"page\">\n\t\t\t\t\t\t<section class=\"elementor-section elementor-top-section elementor-element elementor-element-1a3167b elementor-section-height-min-height elementor-section-full_width elementor-section-items-stretch elementor-section-height-default\" data-id=\"1a3167b\" data-element_type=\"section\" data-settings=\"{&quot;background_background&quot;:&quot;classic&quot;}\">\n\t\t\t\t\t\t<div class=\"elementor-container elementor-column-gap-default\">\n\t\t\t\t\t<div class=\"elementor-column elementor-col-100 elementor-top-column elementor-element elementor-element-50f54d1\" data-id=\"50f54d1\" data-element_type=\"column\">\n\t\t\t<div class=\"elementor-widget-wrap\">\n\t\t\t\t\t\t\t<\/div>\n\t\t<\/div>\n\t\t\t\t\t<\/div>\n\t\t<\/section>\n\t\t\t\t<section class=\"elementor-section elementor-top-section elementor-element elementor-element-8f66c95 elementor-section-full_width elementor-section-height-default elementor-section-height-default\" data-id=\"8f66c95\" data-element_type=\"section\">\n\t\t\t\t\t\t<div class=\"elementor-container elementor-column-gap-default\">\n\t\t\t\t\t<div class=\"elementor-column elementor-col-50 elementor-top-column elementor-element elementor-element-5670955\" data-id=\"5670955\" data-element_type=\"column\">\n\t\t\t<div class=\"elementor-widget-wrap\">\n\t\t\t\t\t\t\t<\/div>\n\t\t<\/div>\n\t\t\t\t<div class=\"elementor-column elementor-col-50 elementor-top-column elementor-element elementor-element-68b0316\" data-id=\"68b0316\" data-element_type=\"column\" data-settings=\"{&quot;background_background&quot;:&quot;classic&quot;}\">\n\t\t\t<div class=\"elementor-widget-wrap elementor-element-populated\">\n\t\t\t\t\t\t<div class=\"elementor-element elementor-element-e320bbb elementor-widget elementor-widget-heading\" data-id=\"e320bbb\" data-element_type=\"widget\" data-widget_type=\"heading.default\">\n\t\t\t\t<div class=\"elementor-widget-container\">\n\t\t\t\t\t<h1 class=\"elementor-heading-title elementor-size-default\">PRIZE ANNOUNCEMENT ACCORDING TO ORDER<\/h1>\t\t\t\t<\/div>\n\t\t\t\t<\/div>\n\t\t\t\t\t<\/div>\n\t\t<\/div>\n\t\t\t\t\t<\/div>\n\t\t<\/section>\n\t\t\t\t<section class=\"elementor-section elementor-top-section elementor-element elementor-element-6339f01 elementor-section-full_width elementor-section-height-default elementor-section-height-default\" data-id=\"6339f01\" data-element_type=\"section\" data-settings=\"{&quot;background_background&quot;:&quot;classic&quot;}\">\n\t\t\t\t\t\t<div class=\"elementor-container elementor-column-gap-default\">\n\t\t\t\t\t<div class=\"elementor-column elementor-col-50 elementor-top-column elementor-element elementor-element-db6f65e\" data-id=\"db6f65e\" data-element_type=\"column\">\n\t\t\t<div class=\"elementor-widget-wrap elementor-element-populated\">\n\t\t\t\t\t\t<div class=\"elementor-element elementor-element-e85fc8a elementor-widget elementor-widget-text-editor\" data-id=\"e85fc8a\" data-element_type=\"widget\" data-widget_type=\"text-editor.default\">\n\t\t\t\t<div class=\"elementor-widget-container\">\n\t\t\t\t\t\t\t\t\t<p><br \/>1. Services of the lawyers<\/p><p>\u00a0\u00a0\u00a0\u00a0\u00a0\u00a0\u00a0\u00a0The calculation of the fee is directed after the following principles:<\/p><p style=\"padding-left: 30px;\">a) temporal extent of the efforts;<br \/>b) Importance and meaning of the thing for the principals; <br \/>c) Difficulty in actual and juridical regard.<\/p><p style=\"padding-left: 30px;\">Our hourly sentences vary between CHF 200.00 and CHF 600.00; as far as nothing else was agreed, a beginning of CHF 350.00 is valid.<\/p><p style=\"padding-left: 30px;\">The cost of the secretariat is included.<\/p><p style=\"padding-left: 30px;\">Office costs (Copies to CHF 1.50, postages, telephone charges etc.) and displays (travelling expenses etc.) are calculated separately.<\/p><p style=\"padding-left: 30px;\">In particular cases an interest value or an all-inclusive can be agreed, in addition.<\/p><p style=\"padding-left: 30px;\">All achievements are liable to value added tax, as far as the calculation receiver does not have his residence \/ seat abroad (except Liechtenstein).<\/p><p style=\"padding-left: 30px;\">With judicial discussions the in each case valid judicial fee beginning, at least, however, the fee is valid according to hourly expenditure.<\/p><p style=\"padding-left: 30px;\">\u00a0<\/p><p>2. Services of the notary publics<\/p><p style=\"padding-left: 30px;\">The services are directed after the in each case valid cantonal rate. The suitable legal basis in the cantons of both Basel is returned in the following. The order about the prize announcement requires that public deliveries must be included in the price. The following cantonal rates give the fees, however, without value added tax. The legal value added tax is only owed, in addition, provided that the fee debtor has his residence \/ seat in Switzerland or in Liechtenstein. Hence, we return the cantonal rates in the following consistently, that is without legal value added tax. By the so-called foreign registration the notary costs become from case to case after the object value and the expenditure to be expected negotiated.<\/p><p>\u00a0<\/p><p><a href=\"http:\/\/bl.clex.ch\/frontend\/versions\/58?locale=de\">Ordinance on Fees for Private Notaries in the Canton of Basel-Landschaft<\/a><a href=\"http:\/\/www.baselland.ch\/217-13-htm.305143+M56f00c100a5.0.html\" target=\"_blank\" rel=\"noopener\"><br \/><\/a><a href=\"http:\/\/www.gesetzessammlung.bs.ch\/frontend\/versions\/2563\" target=\"_blank\" rel=\"noopener\">Ordinance on the Notarial Tariff Basel-Stadt<\/a><\/p>\t\t\t\t\t\t\t\t<\/div>\n\t\t\t\t<\/div>\n\t\t\t\t<div class=\"elementor-element elementor-element-867e9f6 elementor-cta--layout-image-left elementor-cta--mobile-layout-image-above elementor-cta--skin-classic elementor-animated-content elementor-bg-transform elementor-bg-transform-zoom-in elementor-widget elementor-widget-call-to-action\" data-id=\"867e9f6\" data-element_type=\"widget\" data-widget_type=\"call-to-action.default\">\n\t\t\t\t<div class=\"elementor-widget-container\">\n\t\t\t\t\t\t\t<div class=\"elementor-cta\">\n\t\t\t\t\t<div class=\"elementor-cta__bg-wrapper\">\n\t\t\t\t<div class=\"elementor-cta__bg elementor-bg\" style=\"background-image: url(https:\/\/lawyers.ycomm.ch\/wp-content\/uploads\/2022\/12\/Waldmann-Petitpierre-Dienstleistungen-Header-Team-1024x394.jpg);\" role=\"img\" aria-label=\"Header Team\"><\/div>\n\t\t\t\t<div class=\"elementor-cta__bg-overlay\"><\/div>\n\t\t\t<\/div>\n\t\t\t\t\t\t\t<div class=\"elementor-cta__content\">\n\t\t\t\t\n\t\t\t\t\t\t\t\t\t<h2 class=\"elementor-cta__title elementor-cta__content-item elementor-content-item\">\n\t\t\t\t\t\tContact us and arrange a consultation\t\t\t\t\t<\/h2>\n\t\t\t\t\n\t\t\t\t\n\t\t\t\t\t\t\t\t\t<div class=\"elementor-cta__button-wrapper elementor-cta__content-item elementor-content-item\">\n\t\t\t\t\t<a class=\"elementor-cta__button elementor-button elementor-size-\">\n\t\t\t\t\t\tCONTACT US\t\t\t\t\t<\/a>\n\t\t\t\t\t<\/div>\n\t\t\t\t\t\t\t<\/div>\n\t\t\t\t\t\t<\/div>\n\t\t\t\t\t\t<\/div>\n\t\t\t\t<\/div>\n\t\t\t\t\t<\/div>\n\t\t<\/div>\n\t\t\t\t<div class=\"elementor-column elementor-col-50 elementor-top-column elementor-element elementor-element-81eac1e\" data-id=\"81eac1e\" data-element_type=\"column\">\n\t\t\t<div class=\"elementor-widget-wrap\">\n\t\t\t\t\t\t\t<\/div>\n\t\t<\/div>\n\t\t\t\t\t<\/div>\n\t\t<\/section>\n\t\t\t\t<\/div>","protected":false},"excerpt":{"rendered":"<p>PREISBEKANNTGABE GEM\u00c4SS VERORDNUNG 1. Dienstleistungen der Rechtsanw\u00e4ltinnen und Rechtsanw\u00e4lte. \u00a0\u00a0\u00a0\u00a0\u00a0\u00a0\u00a0\u00a0Die Bemessung des Honorars richtet sich nach folgenden Grunds\u00e4tzen: a) zeitlicher Umfang der Bem\u00fchungen;b) Wichtigkeit und Bedeutung der Sache f\u00fcr die Auftraggeberin oder den Auftraggeber; c) Schwierigkeit in tats\u00e4chlicher und rechtlicher Hinsicht. Unsere Stundens\u00e4tze variieren zwischen CHF 200.00 und CHF 600.00; soweit nichts anderes vereinbart wurde, [&hellip;]<\/p>","protected":false},"author":1,"featured_media":651,"parent":0,"menu_order":0,"comment_status":"closed","ping_status":"closed","template":"","meta":{"_acf_changed":false,"_seopress_robots_primary_cat":"","_seopress_titles_title":"","_seopress_titles_desc":"","_seopress_robots_index":"","inline_featured_image":false,"footnotes":""},"class_list":["post-1481","page","type-page","status-publish","has-post-thumbnail","hentry"],"acf":[],"_links":{"self":[{"href":"https:\/\/lawyers.ycomm.ch\/en\/wp-json\/wp\/v2\/pages\/1481","targetHints":{"allow":["GET"]}}],"collection":[{"href":"https:\/\/lawyers.ycomm.ch\/en\/wp-json\/wp\/v2\/pages"}],"about":[{"href":"https:\/\/lawyers.ycomm.ch\/en\/wp-json\/wp\/v2\/types\/page"}],"author":[{"embeddable":true,"href":"https:\/\/lawyers.ycomm.ch\/en\/wp-json\/wp\/v2\/users\/1"}],"replies":[{"embeddable":true,"href":"https:\/\/lawyers.ycomm.ch\/en\/wp-json\/wp\/v2\/comments?post=1481"}],"version-history":[{"count":13,"href":"https:\/\/lawyers.ycomm.ch\/en\/wp-json\/wp\/v2\/pages\/1481\/revisions"}],"predecessor-version":[{"id":2490,"href":"https:\/\/lawyers.ycomm.ch\/en\/wp-json\/wp\/v2\/pages\/1481\/revisions\/2490"}],"wp:featuredmedia":[{"embeddable":true,"href":"https:\/\/lawyers.ycomm.ch\/en\/wp-json\/wp\/v2\/media\/651"}],"wp:attachment":[{"href":"https:\/\/lawyers.ycomm.ch\/en\/wp-json\/wp\/v2\/media?parent=1481"}],"curies":[{"name":"wp","href":"https:\/\/api.w.org\/{rel}","templated":true}]}}