{"id":24,"date":"2022-06-03T13:52:31","date_gmt":"2022-06-03T11:52:31","guid":{"rendered":"https:\/\/lawyers.ycomm.ch\/?page_id=24"},"modified":"2024-12-03T15:12:48","modified_gmt":"2024-12-03T14:12:48","slug":"anwaelte","status":"publish","type":"page","link":"https:\/\/lawyers.ycomm.ch\/en\/anwaelte\/","title":{"rendered":"Anw\u00e4lte"},"content":{"rendered":"<div id=\"piotnetgrid\" class=\"piotnetgrid piotnetgrid-992\"><article class=\"piotnetgrid-card\"><div class=\"piotnetgrid-section p61400001\">\t\t\t\t\t\t<div class=\"piotnetgrid-background-overlay\"><\/div>\n\t\t\t\t\t\t\t\t\t<div class=\"piotnetgrid-section__container piotnetgrid-section__container-full\">\n\t\t<div class=\"piotnetgrid-column p01652680 tw_post_card\">\t\t\t\t\t\t<div class=\"piotnetgrid-background-overlay\"><\/div>\n\t\t\t<div class=\"piotnetgrid-column__inner\"\n\t\t\t>\n\t\t<div class=\"piotnetgrid-section p60520193 tw_postinfo\">\t\t\t\t\t\t<div class=\"piotnetgrid-background-overlay\"><\/div>\n\t\t\t\t\t\t\t\t\t<div class=\"piotnetgrid-section__container\">\n\t\t<div class=\"piotnetgrid-column p95926065\">\t\t\t\t\t\t<div class=\"piotnetgrid-background-overlay\"><\/div>\n\t\t\t<div class=\"piotnetgrid-column__inner\"\n\t\t\t>\n\t\t<span class=\"p19909950\">Karte<\/span><span class=\"p01125281\">{{acf_field | name:position-im-unternehmen}}<\/span><span class=\"p81828116 tw_auszug\">{{acf_field | name:expertisen}}<\/span><span class=\"p01222641 tw_auszug\"><a class=\"piotnetgrid-link\" href=\"https:\/\/lawyers.ycomm.ch\/en\/piotnetgrid-card\/karte\/\" target=\"_self\"><span class=\"tw_stilllink\">more<\/span><\/a><\/span>\t\t\t<\/div>\n\t\t<\/div>\t\t\t<\/div>\n\t\t<\/div>\t\t\t<\/div>\n\t\t<style>.piotnetgrid.piotnetgrid-992 .p01652680{background-image: url({{post_featured_image | size:full}})}<\/style><\/div>\t\t\t<\/div>\n\t\t<\/div><\/article><\/div>","protected":false},"excerpt":{"rendered":"<p>Karte{{acf_field | name:position-im-unternehmen}}{{acf_field | name:expertisen}}Mehr<\/p>","protected":false},"author":1,"featured_media":651,"parent":0,"menu_order":0,"comment_status":"closed","ping_status":"closed","template":"","meta":{"_acf_changed":false,"_seopress_robots_primary_cat":"","_seopress_titles_title":"Unsere Anw\u00e4ltinnen & Anw\u00e4lte - Waldmann Petitpierre","_seopress_titles_desc":"Ihre erfahrenen Anw\u00e4ltinnen & Anw\u00e4lte in Basel: Spezialisten f\u00fcr Familienrecht, Gesellschaftsrecht, Vertragsrecht und mehr.","_seopress_robots_index":"","inline_featured_image":false,"footnotes":""},"class_list":["post-24","page","type-page","status-publish","has-post-thumbnail","hentry"],"acf":[],"_links":{"self":[{"href":"https:\/\/lawyers.ycomm.ch\/en\/wp-json\/wp\/v2\/pages\/24","targetHints":{"allow":["GET"]}}],"collection":[{"href":"https:\/\/lawyers.ycomm.ch\/en\/wp-json\/wp\/v2\/pages"}],"about":[{"href":"https:\/\/lawyers.ycomm.ch\/en\/wp-json\/wp\/v2\/types\/page"}],"author":[{"embeddable":true,"href":"https:\/\/lawyers.ycomm.ch\/en\/wp-json\/wp\/v2\/users\/1"}],"replies":[{"embeddable":true,"href":"https:\/\/lawyers.ycomm.ch\/en\/wp-json\/wp\/v2\/comments?post=24"}],"version-history":[{"count":12,"href":"https:\/\/lawyers.ycomm.ch\/en\/wp-json\/wp\/v2\/pages\/24\/revisions"}],"predecessor-version":[{"id":3123,"href":"https:\/\/lawyers.ycomm.ch\/en\/wp-json\/wp\/v2\/pages\/24\/revisions\/3123"}],"wp:featuredmedia":[{"embeddable":true,"href":"https:\/\/lawyers.ycomm.ch\/en\/wp-json\/wp\/v2\/media\/651"}],"wp:attachment":[{"href":"https:\/\/lawyers.ycomm.ch\/en\/wp-json\/wp\/v2\/media?parent=24"}],"curies":[{"name":"wp","href":"https:\/\/api.w.org\/{rel}","templated":true}]}}