{"id":36,"date":"2022-06-03T13:53:05","date_gmt":"2022-06-03T11:53:05","guid":{"rendered":"https:\/\/lawyers.ycomm.ch\/?page_id=36"},"modified":"2024-12-03T15:16:59","modified_gmt":"2024-12-03T14:16:59","slug":"portraet","status":"publish","type":"page","link":"https:\/\/lawyers.ycomm.ch\/en\/portraet\/","title":{"rendered":"About us"},"content":{"rendered":"<div data-elementor-type=\"wp-page\" data-elementor-id=\"36\" class=\"elementor elementor-36\" data-elementor-post-type=\"page\">\n\t\t\t\t\t\t<section class=\"elementor-section elementor-top-section elementor-element elementor-element-8b19596 elementor-section-height-min-height elementor-section-full_width elementor-section-items-stretch elementor-section-height-default\" data-id=\"8b19596\" data-element_type=\"section\" data-settings=\"{&quot;background_background&quot;:&quot;classic&quot;}\">\n\t\t\t\t\t\t<div class=\"elementor-container elementor-column-gap-default\">\n\t\t\t\t\t<div class=\"elementor-column elementor-col-100 elementor-top-column elementor-element elementor-element-b03fa14\" data-id=\"b03fa14\" data-element_type=\"column\">\n\t\t\t<div class=\"elementor-widget-wrap\">\n\t\t\t\t\t\t\t<\/div>\n\t\t<\/div>\n\t\t\t\t\t<\/div>\n\t\t<\/section>\n\t\t\t\t<section class=\"elementor-section elementor-top-section elementor-element elementor-element-0759fbb elementor-section-full_width elementor-section-height-default elementor-section-height-default\" data-id=\"0759fbb\" data-element_type=\"section\">\n\t\t\t\t\t\t<div class=\"elementor-container elementor-column-gap-default\">\n\t\t\t\t\t<div class=\"elementor-column elementor-col-50 elementor-top-column elementor-element elementor-element-ef8d910\" data-id=\"ef8d910\" data-element_type=\"column\">\n\t\t\t<div class=\"elementor-widget-wrap\">\n\t\t\t\t\t\t\t<\/div>\n\t\t<\/div>\n\t\t\t\t<div class=\"elementor-column elementor-col-50 elementor-top-column elementor-element elementor-element-a9e9bc8\" data-id=\"a9e9bc8\" data-element_type=\"column\" data-settings=\"{&quot;background_background&quot;:&quot;classic&quot;}\">\n\t\t\t<div class=\"elementor-widget-wrap elementor-element-populated\">\n\t\t\t\t\t\t<div class=\"elementor-element elementor-element-5a3aba3 elementor-widget elementor-widget-heading\" data-id=\"5a3aba3\" data-element_type=\"widget\" data-widget_type=\"heading.default\">\n\t\t\t\t<div class=\"elementor-widget-container\">\n\t\t\t\t\t<h1 class=\"elementor-heading-title elementor-size-default\">ABOUT THE LAW FIRM WALDMANN PETITPIERRE<\/h1>\t\t\t\t<\/div>\n\t\t\t\t<\/div>\n\t\t\t\t<div class=\"elementor-element elementor-element-2f812fb elementor-widget elementor-widget-text-editor\" data-id=\"2f812fb\" data-element_type=\"widget\" data-widget_type=\"text-editor.default\">\n\t\t\t\t<div class=\"elementor-widget-container\">\n\t\t\t\t\t\t\t\t\t<p><strong>WALDMANN PETITPIERRE<\/strong> is a law firm of Attorneys-at-law and Notaries in Basel-Stadt and Baselland. Since 1953, our head office is situated at the  Marktplatz in Basel.<\/p>\t\t\t\t\t\t\t\t<\/div>\n\t\t\t\t<\/div>\n\t\t\t\t\t<\/div>\n\t\t<\/div>\n\t\t\t\t\t<\/div>\n\t\t<\/section>\n\t\t\t\t<section class=\"elementor-section elementor-top-section elementor-element elementor-element-ccc4ee5 elementor-section-full_width elementor-section-height-default elementor-section-height-default\" data-id=\"ccc4ee5\" data-element_type=\"section\" data-settings=\"{&quot;background_background&quot;:&quot;classic&quot;}\">\n\t\t\t\t\t\t<div class=\"elementor-container elementor-column-gap-default\">\n\t\t\t\t\t<div class=\"elementor-column elementor-col-50 elementor-top-column elementor-element elementor-element-326e366\" data-id=\"326e366\" data-element_type=\"column\">\n\t\t\t<div class=\"elementor-widget-wrap elementor-element-populated\">\n\t\t\t\t\t\t<div class=\"elementor-element elementor-element-5350d15 elementor-widget elementor-widget-text-editor\" data-id=\"5350d15\" data-element_type=\"widget\" data-widget_type=\"text-editor.default\">\n\t\t\t\t<div class=\"elementor-widget-container\">\n\t\t\t\t\t\t\t\t\t<p>The law firm was founded in 1953 by Dr. J\u00fcrg Heinz Faesch and Dr. Werner Blumer at the Marktplatz in Basel, where it still holds residence. The partnership was soon joined by Dr. Peter Von der M\u00fchll, at which time the law firm also became a notary's office. This trio then worked to together unchanged in composition until Andreas Waldmann entered the firm in 1982. In 1987 they were joined by Dr. Heinz Lukas Faesch, the son of the founder of the firm, who since 2004 has been President of Basel-Stadt Criminal Court.<\/p>\n<p>When Daniel Olstein joined the firm in 1991 the name of wfp Waldmann Faesch &amp; Partner was adopted, which made it the first legal practice in the location to have a company name.<\/p>\n<p>In 2000 and 2004, respectively, Bettina Waldmann und Javier Ferreiro joined the firm as Partners. Since then, WALDMANN PETITPIERRE, as it was named from 2013, developed into an internationally active law firm rooted in the traditions of Basel. Today, the team consists of 12 attorneys\/notaries.<\/p>\t\t\t\t\t\t\t\t<\/div>\n\t\t\t\t<\/div>\n\t\t\t\t\t<\/div>\n\t\t<\/div>\n\t\t\t\t<div class=\"elementor-column elementor-col-50 elementor-top-column elementor-element elementor-element-9ddeb5f\" data-id=\"9ddeb5f\" data-element_type=\"column\">\n\t\t\t<div class=\"elementor-widget-wrap\">\n\t\t\t\t\t\t\t<\/div>\n\t\t<\/div>\n\t\t\t\t\t<\/div>\n\t\t<\/section>\n\t\t\t\t<\/div>","protected":false},"excerpt":{"rendered":"<p>\u00dcBER DIE KANZLEI WALDMANN PETITPIERRE WALDMANN PETITPIERRE ist eine Anwaltskanzlei und ein Notariat in Basel-Stadt und Baselland. Schon seit 1953 liegt ihr Hauptsitz am Marktplatz in Basel. 1953 gr\u00fcndete Dr. J\u00fcrg Heinz Faesch zusammen mit Dr. Werner Blumer am heutigen Standort am Marktplatz unsere Advokatur. Schon bald trat der Partnerschaft Dr. Peter von der M\u00fchll [&hellip;]<\/p>","protected":false},"author":1,"featured_media":651,"parent":0,"menu_order":0,"comment_status":"closed","ping_status":"closed","template":"","meta":{"_acf_changed":false,"_seopress_robots_primary_cat":"","_seopress_titles_title":"\u00dcber Waldmann Petitpierre - Anwaltskanzlei & Notariat in Basel","_seopress_titles_desc":"Erfahren Sie mehr \u00fcber Waldmann Petitpierre: Unsere Geschichte, Werte und unser Engagement f\u00fcr hochwertige Rechtsberatung. Ihre Interessen stehen bei uns im Fokus.","_seopress_robots_index":"","inline_featured_image":false,"footnotes":""},"class_list":["post-36","page","type-page","status-publish","has-post-thumbnail","hentry"],"acf":[],"_links":{"self":[{"href":"https:\/\/lawyers.ycomm.ch\/en\/wp-json\/wp\/v2\/pages\/36","targetHints":{"allow":["GET"]}}],"collection":[{"href":"https:\/\/lawyers.ycomm.ch\/en\/wp-json\/wp\/v2\/pages"}],"about":[{"href":"https:\/\/lawyers.ycomm.ch\/en\/wp-json\/wp\/v2\/types\/page"}],"author":[{"embeddable":true,"href":"https:\/\/lawyers.ycomm.ch\/en\/wp-json\/wp\/v2\/users\/1"}],"replies":[{"embeddable":true,"href":"https:\/\/lawyers.ycomm.ch\/en\/wp-json\/wp\/v2\/comments?post=36"}],"version-history":[{"count":14,"href":"https:\/\/lawyers.ycomm.ch\/en\/wp-json\/wp\/v2\/pages\/36\/revisions"}],"predecessor-version":[{"id":3130,"href":"https:\/\/lawyers.ycomm.ch\/en\/wp-json\/wp\/v2\/pages\/36\/revisions\/3130"}],"wp:featuredmedia":[{"embeddable":true,"href":"https:\/\/lawyers.ycomm.ch\/en\/wp-json\/wp\/v2\/media\/651"}],"wp:attachment":[{"href":"https:\/\/lawyers.ycomm.ch\/en\/wp-json\/wp\/v2\/media?parent=36"}],"curies":[{"name":"wp","href":"https:\/\/api.w.org\/{rel}","templated":true}]}}