{"id":47,"date":"2022-06-03T13:53:52","date_gmt":"2022-06-03T11:53:52","guid":{"rendered":"https:\/\/lawyers.ycomm.ch\/?page_id=47"},"modified":"2025-07-14T19:14:51","modified_gmt":"2025-07-14T17:14:51","slug":"impressum","status":"publish","type":"page","link":"https:\/\/lawyers.ycomm.ch\/en\/impressum\/","title":{"rendered":"Legal notice"},"content":{"rendered":"<div data-elementor-type=\"wp-page\" data-elementor-id=\"47\" class=\"elementor elementor-47\" data-elementor-post-type=\"page\">\n\t\t\t\t\t\t<section class=\"elementor-section elementor-top-section elementor-element elementor-element-d92277a elementor-section-height-min-height elementor-section-full_width elementor-section-items-stretch elementor-section-height-default\" data-id=\"d92277a\" data-element_type=\"section\" data-settings=\"{&quot;background_background&quot;:&quot;classic&quot;}\">\n\t\t\t\t\t\t<div class=\"elementor-container elementor-column-gap-default\">\n\t\t\t\t\t<div class=\"elementor-column elementor-col-100 elementor-top-column elementor-element elementor-element-41a7212\" data-id=\"41a7212\" data-element_type=\"column\">\n\t\t\t<div class=\"elementor-widget-wrap\">\n\t\t\t\t\t\t\t<\/div>\n\t\t<\/div>\n\t\t\t\t\t<\/div>\n\t\t<\/section>\n\t\t\t\t<section class=\"elementor-section elementor-top-section elementor-element elementor-element-b1b3807 elementor-section-full_width elementor-section-height-default elementor-section-height-default\" data-id=\"b1b3807\" data-element_type=\"section\">\n\t\t\t\t\t\t<div class=\"elementor-container elementor-column-gap-default\">\n\t\t\t\t\t<div class=\"elementor-column elementor-col-50 elementor-top-column elementor-element elementor-element-638efe3\" data-id=\"638efe3\" data-element_type=\"column\">\n\t\t\t<div class=\"elementor-widget-wrap\">\n\t\t\t\t\t\t\t<\/div>\n\t\t<\/div>\n\t\t\t\t<div class=\"elementor-column elementor-col-50 elementor-top-column elementor-element elementor-element-516b3f0\" data-id=\"516b3f0\" data-element_type=\"column\" data-settings=\"{&quot;background_background&quot;:&quot;classic&quot;}\">\n\t\t\t<div class=\"elementor-widget-wrap elementor-element-populated\">\n\t\t\t\t\t\t<div class=\"elementor-element elementor-element-4e8756f elementor-widget elementor-widget-heading\" data-id=\"4e8756f\" data-element_type=\"widget\" data-widget_type=\"heading.default\">\n\t\t\t\t<div class=\"elementor-widget-container\">\n\t\t\t\t\t<h1 class=\"elementor-heading-title elementor-size-default\">Legal notice<\/h1>\t\t\t\t<\/div>\n\t\t\t\t<\/div>\n\t\t\t\t\t<\/div>\n\t\t<\/div>\n\t\t\t\t\t<\/div>\n\t\t<\/section>\n\t\t\t\t<section class=\"elementor-section elementor-top-section elementor-element elementor-element-33ab2ea elementor-section-full_width elementor-section-height-default elementor-section-height-default\" data-id=\"33ab2ea\" data-element_type=\"section\" data-settings=\"{&quot;background_background&quot;:&quot;classic&quot;}\">\n\t\t\t\t\t\t<div class=\"elementor-container elementor-column-gap-default\">\n\t\t\t\t\t<div class=\"elementor-column elementor-col-50 elementor-top-column elementor-element elementor-element-175e866\" data-id=\"175e866\" data-element_type=\"column\">\n\t\t\t<div class=\"elementor-widget-wrap elementor-element-populated\">\n\t\t\t\t\t\t<div class=\"elementor-element elementor-element-9e834d7 elementor-widget elementor-widget-text-editor\" data-id=\"9e834d7\" data-element_type=\"widget\" data-widget_type=\"text-editor.default\">\n\t\t\t\t<div class=\"elementor-widget-container\">\n\t\t\t\t\t\t\t\t\t<p><strong>Publisher<\/strong><br \/>WALDMANN PETITPIERRE<br \/>Lawyers &amp; Notaries<br \/>Gerbergasse 1<br \/>CH-4001 Basel<\/p><p><strong>Disclaimer<\/strong><br \/>Despite careful control we do not assume liability for the contents of external links. The operators of the linked pages are solely responsible for the content of their pages.<\/p><p><strong>Copyright image and text<\/strong><br \/>The further use of images and text of any kind requires the written consent of Waldmann Petitpierre and is only permitted with reference to the copyright information.<\/p><p><strong>Concept<\/strong><br \/><a href=\"https:\/\/ycomm.ch\/\" target=\"_blank\" rel=\"noopener\">YComm GmbH, 4052 Basel<\/a><br \/>Jenny Settembrini<\/p><p><strong>Design und Entwicklung<\/strong><br \/><a href=\"https:\/\/dubb.ch\" target=\"_blank\" rel=\"noopener\">dubb AG<\/a> \u2014 Webagentur<br \/>Jochen Wiesner &amp; Reto Rahm<\/p><p class=\"infotext_grau_links\"><strong>Fotography<br \/><\/strong>Michel Matthey de l\u2019Etang<br \/>belichtungen.ch<\/p>\t\t\t\t\t\t\t\t<\/div>\n\t\t\t\t<\/div>\n\t\t\t\t\t<\/div>\n\t\t<\/div>\n\t\t\t\t<div class=\"elementor-column elementor-col-50 elementor-top-column elementor-element elementor-element-4546ec7\" data-id=\"4546ec7\" data-element_type=\"column\">\n\t\t\t<div class=\"elementor-widget-wrap\">\n\t\t\t\t\t\t\t<\/div>\n\t\t<\/div>\n\t\t\t\t\t<\/div>\n\t\t<\/section>\n\t\t\t\t<\/div>","protected":false},"excerpt":{"rendered":"<p>IMPRESSUM HerausgeberWALDMANN PETITPIERRERechtsanw\u00e4lte &amp; NotareGerbergasse 1CH-4001 Basel HaftungshinweisTrotz sorgf\u00e4ltiger Kontrolle \u00fcbernehmen wir keine Haftung f\u00fcr die Inhalte externer Links. F\u00fcr den Inhalt der verlinkten Seiten sind ausschliesslich deren Betreiber verantwortlich. Copyright Bild und TextDie Weiterverwendung von Bild und Text jeglicher Art bedarf des schriftlichen Einverst\u00e4ndnis von Waldmann Petitpierre und ist nur unter Erw\u00e4hnung der Copyrightangaben [&hellip;]<\/p>","protected":false},"author":1,"featured_media":651,"parent":0,"menu_order":0,"comment_status":"closed","ping_status":"closed","template":"","meta":{"_acf_changed":false,"_seopress_robots_primary_cat":"","_seopress_titles_title":"","_seopress_titles_desc":"","_seopress_robots_index":"","inline_featured_image":false,"footnotes":""},"class_list":["post-47","page","type-page","status-publish","has-post-thumbnail","hentry"],"acf":[],"_links":{"self":[{"href":"https:\/\/lawyers.ycomm.ch\/en\/wp-json\/wp\/v2\/pages\/47","targetHints":{"allow":["GET"]}}],"collection":[{"href":"https:\/\/lawyers.ycomm.ch\/en\/wp-json\/wp\/v2\/pages"}],"about":[{"href":"https:\/\/lawyers.ycomm.ch\/en\/wp-json\/wp\/v2\/types\/page"}],"author":[{"embeddable":true,"href":"https:\/\/lawyers.ycomm.ch\/en\/wp-json\/wp\/v2\/users\/1"}],"replies":[{"embeddable":true,"href":"https:\/\/lawyers.ycomm.ch\/en\/wp-json\/wp\/v2\/comments?post=47"}],"version-history":[{"count":16,"href":"https:\/\/lawyers.ycomm.ch\/en\/wp-json\/wp\/v2\/pages\/47\/revisions"}],"predecessor-version":[{"id":3303,"href":"https:\/\/lawyers.ycomm.ch\/en\/wp-json\/wp\/v2\/pages\/47\/revisions\/3303"}],"wp:featuredmedia":[{"embeddable":true,"href":"https:\/\/lawyers.ycomm.ch\/en\/wp-json\/wp\/v2\/media\/651"}],"wp:attachment":[{"href":"https:\/\/lawyers.ycomm.ch\/en\/wp-json\/wp\/v2\/media?parent=47"}],"curies":[{"name":"wp","href":"https:\/\/api.w.org\/{rel}","templated":true}]}}